{"id":3766,"date":"2023-01-11T12:56:23","date_gmt":"2023-01-11T11:56:23","guid":{"rendered":"https:\/\/d-dk-patchworkforum.de\/?page_id=3766"},"modified":"2023-01-11T13:53:15","modified_gmt":"2023-01-11T12:53:15","slug":"vedtaegt","status":"publish","type":"page","link":"https:\/\/d-dk-patchworkforum.de\/?page_id=3766&lang=da","title":{"rendered":"Vedt\u00e6gt"},"content":{"rendered":"\n<p>Vedt\u00e6gter for Dansk\/Tysk Patchworkforum<br>\u00a7 1. Foreningens navn:<br>Forummets navn er Dansk\/Tysk Patchworkforum.<br>\u00a7 2. Forummets form\u00e5l:<br>2.1.<br>At styrke f\u00e6lles interesse for samarbejdet omkring det patchworkfaglige og sociale<br>f\u00e6llesskab i den dansk\/tyske gr\u00e6nseregion.<br>2.2.<br>At ( s\u00e5 vidt muligt) hvert 5. \u00e5r fra stiftelsesdatoen (2008) organisere en udstilling.<br>2.3<br>Alle forummets aktiviteter skal hvile i sig selv, da forummet drives som en non-profit<br>forening. Forummet m\u00e5 ikke g\u00e6lds\u00e6ttes.<br>\u00a7 3. Medlemmer:<br>3.1.<br>Alle personer, der vil bidrage til en positiv udvikling af forummet kan blive medlem.<br>3.2.<br>Ingen foreninger kan optages som medlem af forummet.<br>\u00a7 4. Generalforsamlingen:<br>4.1.<br>Generalforsamlingen er forummets h\u00f8jeste myndighed.<br>4.2.<br>Den ordin\u00e6re generalforsamling afholdes hvert \u00e5r inden udgangen af oktober m\u00e5ned.<br>4.3.<br>Generalforsamlingen kan sammenkobles med andre patchworkaktiviteter som f.eks.<br>udstillinger og kurser m.m.<br>4.4.<br>Generalforsamlingen skal mindst have f\u00f8lgende dagsorden:<br>1. Valg af dirigent<br>2. Bestyrelsens beretning<br>3. Freml\u00e6ggelse af revideret regnskab<br>4. Fasts\u00e6ttelse af kontingent og budget<br>5. Indkomne forslag<br>6. Valg af bestyrelsesmedlemmer<br>7. Valg af suppleanter<br>8. Valg af 2 revisorer<br>9. Valg af 1 revisorsuppleant<br>10. Eventuelt<br>4.5.<br>Bestyrelsen skal best\u00e5 af mindst 3 medlemmer, der er valgt for en to\u00e5rig periode.<br>Bestyrelsen konstituerer sig med en formand, en kasserer, en referent og evt. andre<br>bestyrelsesmedlemmer.<br>2 medlemmer er p\u00e5 valg i lige \u00e5r og de andre medlemmer i ulige \u00e5r<br>4.6.<br>P\u00e5 generalforsamlingen v\u00e6lges suppleanter.<br>Bestyrelsen fasts\u00e6tter antallet af suppleanter.<br>Suppleanter v\u00e6lges for 1 \u00e5r ad gangen<br>4.7.<br>Regnskabs\u00e5ret f\u00f8lger kalender\u00e5ret.<br>4.8.<br>For hver post, der skal nybes\u00e6ttes, finder der \u00e9n valghandling sted.<br>Stemmeret har kun medlemmer, der senest p\u00e5 dagen for generalforsamlingen har<br>indbetalt kontingent.<br>Hvert medlem har \u00e9n stemme pr. valghandling. Skulle der v\u00e6re mere end \u00e9n kandidat<br>pr. valghandling, er den kandidat, der f\u00e5r de fleste stemmer, valgt.<br>Stemmeafgivelse kan ikke afgives ved fuldmagt.<br>4.9.<br>Kun medlemmer, der senest p\u00e5 dagen for generalforsamlingen har indbetalt<br>kontingent, er stemmeberettigede og valgbare.<br>Kandidater, som ikke er til stede ved generalforsamlingen, kan v\u00e6lges, s\u00e5fremt de<br>skriftligt har erkl\u00e6ret sig indforst\u00e5et.<br>4.10.<br>Generalforsamlingens dagsorden tilsendes medlemmerne pr. post eller mail senest 4<br>uger f\u00f8r generalforsamlingen afholdes.<br>4. 11<br>Forslag, der \u00f8nskes behandlet p\u00e5 generalforsamlingen, skal v\u00e6re formanden i h\u00e6nde<br>senest 14 dage f\u00f8r m\u00f8dets afholdelse.<br>\u00a75 Ekstraordin\u00e6r generalforsamling:<br>5.1.<br>Der skal indkaldes til ekstraordin\u00e6r generalforsamling, n\u00e5r 55% af medlemmerne,<br>ved deres underskrift, anmoder herom.<br>5.2.<br>Anmodningen skal sendes skriftligt til bestyrelsen, og skal indeholde en dagsorden<br>for den ekstraordin\u00e6re generalforsamling.<br>5.3.<br>Bestyrelsen har ret til at tilf\u00f8je punkter til den indsendte dagsorden.<br>5.4.<br>Den ekstraordin\u00e6re generalforsamling skal afholdes senest 1 m\u00e5ned efter at<br>anmodningen er modtaget.<\/p>\n\n\n\n<p>5.5.<br>Endelig dagsorden tilsendes medlemmerne 14 dage f\u00f8r den ekstraordin\u00e6re<br>generalforsamling.<br>\u00a76 Bestyrelsen:<br>6.1.<br>Bestyrelsen fasts\u00e6tter selv sin forretningsorden.<br>6.2.<br>Bestyrelsen er beslutningsdygtig, n\u00e5r mindst 2\/3 af bestyrelsesmedlemmerne er<br>fremm\u00f8dt,<br>eller har givet deres samtykke til beslutningen pr. post, mail eller telefon.<br>6.3.<br>Afstemningen afg\u00f8res ved simpelt flertal. Ved stemmelighed er formandens stemme<br>afg\u00f8rende.<br>6.4.<br>Forummet tegnes af formand og kasserer i forening.<br>6.5.<br>Kassereren opstiller, i forening med bestyrelsen, budget for det kommende<br>regnskabs\u00e5r.<br>Kassereren er pligtig til at inddrive alle Forummets fordringer i rette tid, samt slette<br>medlemmer der har v\u00e6ret i restance i 3 m\u00e5neder ud over den vedtagne betalingsfrist.<br>Sidste frist 1. februar efterf\u00f8lgende \u00e5r<br>6.6.<br>Sekret\u00e6ren udarbejder beslutnings referater over samtlige bestyrelsesm\u00f8der og<br>generalforsamlingen.<br>\u00a77 Kontingent:<br>7.1.<br>Ved indmeldelse i forummet betales det kontingent der er vedtaget p\u00e5<br>generalforsamlingen.<br>\u00a78 \u00c6ndring af vedt\u00e6gter:<br>8.1.<br>\u00c6ndring af forummets vedt\u00e6gter kan kun foretages af generalforsamlingen.<br>8.2.<br>\u00c6ndringerne kan kun vedtages, n\u00e5r mindst 2\/3 af de fremm\u00f8dte medlemmer stemmer<br>for det.<br>Side 3 \/ 4\u00a79 Forummets hjemsted:<br>Forummet har indtil videre hjemsted i Danmark.<br>S\u00e5fremt det kan integreres i mindretallenes organisationer i Nord- eller Sydslesvig<br>kan dette besluttes p\u00e5 en generalforsamling.<br>\u00a710 Forummets opl\u00f8sning:<br>10.1<br>Forummet kan kun opl\u00f8ses p\u00e5 en generalforsamling, og hvis 4\/5 af de fremm\u00f8dte<br>medlemmer stemmer for dette.<br>10.2<br>En eventuel formues anvendelse besluttes p\u00e5 den sidste generalforsamling.<br>En eventuel formue kan ikke overdrages til personlig ejendom af enkeltpersoner.<br>Vedtaget enstemmigt p\u00e5 forummets generalforsamling den 23. februar 2008<br>p\u00e5 borgerhuset i Tinglev, Danmark .<br>\u00c6ndret p\u00e5 generalforsamlingen den 5. marts 2011 i Moldenit, Tyskland.<br>Enstemmigt \u00e6ndret p\u00e5 generalforsamlingen i L\u00f8jt Kirkeby d. 27. februar 2016.<br>Vedt\u00e6gterne blev n\u00e6sten enstemmigt ( med et forbehold ) \u00e6ndret i R\u00f8dekro d.<br>28.sept.2019<\/p>\n","protected":false},"excerpt":{"rendered":"<p>Vedt\u00e6gter for Dansk\/Tysk Patchworkforum\u00a7 1. Foreningens navn:Forummets navn er Dansk\/Tysk Patchworkforum.\u00a7 2. Forummets form\u00e5l:2.1.At styrke f\u00e6lles interesse for samarbejdet omkring det patchworkfaglige og socialef\u00e6llesskab i den dansk\/tyske gr\u00e6nseregion.2.2.At ( s\u00e5 &hellip;<br \/><a href=\"https:\/\/d-dk-patchworkforum.de\/?page_id=3766&#038;lang=da\" class=\"more-link pen_button pen_element_default pen_icon_arrow_double\">Continue reading <span class=\"screen-reader-text\">Vedt\u00e6gt<\/span><\/a><\/p>\n","protected":false},"author":2,"featured_media":0,"parent":0,"menu_order":0,"comment_status":"closed","ping_status":"closed","template":"","meta":{"_coblocks_attr":"","_coblocks_dimensions":"","_coblocks_responsive_height":"","_coblocks_accordion_ie_support":"","advgb_blocks_editor_width":"","advgb_blocks_columns_visual_guide":"","footnotes":""},"class_list":["post-3766","page","type-page","status-publish","hentry"],"coauthors":[],"author_meta":{"author_link":"https:\/\/d-dk-patchworkforum.de\/?author=2","display_name":"Peter Schmidt"},"relative_dates":{"created":"Ver\u00f6ffentlicht 3\u00a0Jahren vor","modified":"Aktualisiert 3\u00a0Jahren vor"},"absolute_dates":{"created":"Ver\u00f6ffentlicht am 11\/01\/2023","modified":"Aktualisiert am 11\/01\/2023"},"absolute_dates_time":{"created":"Ver\u00f6ffentlicht am 11\/01\/2023 12:56","modified":"Aktualisiert am 11\/01\/2023 13:53"},"featured_img_caption":"","featured_img":false,"series_order":"","_links":{"self":[{"href":"https:\/\/d-dk-patchworkforum.de\/index.php?rest_route=\/wp\/v2\/pages\/3766","targetHints":{"allow":["GET"]}}],"collection":[{"href":"https:\/\/d-dk-patchworkforum.de\/index.php?rest_route=\/wp\/v2\/pages"}],"about":[{"href":"https:\/\/d-dk-patchworkforum.de\/index.php?rest_route=\/wp\/v2\/types\/page"}],"author":[{"embeddable":true,"href":"https:\/\/d-dk-patchworkforum.de\/index.php?rest_route=\/wp\/v2\/users\/2"}],"replies":[{"embeddable":true,"href":"https:\/\/d-dk-patchworkforum.de\/index.php?rest_route=%2Fwp%2Fv2%2Fcomments&post=3766"}],"version-history":[{"count":2,"href":"https:\/\/d-dk-patchworkforum.de\/index.php?rest_route=\/wp\/v2\/pages\/3766\/revisions"}],"predecessor-version":[{"id":3775,"href":"https:\/\/d-dk-patchworkforum.de\/index.php?rest_route=\/wp\/v2\/pages\/3766\/revisions\/3775"}],"wp:attachment":[{"href":"https:\/\/d-dk-patchworkforum.de\/index.php?rest_route=%2Fwp%2Fv2%2Fmedia&parent=3766"}],"curies":[{"name":"wp","href":"https:\/\/api.w.org\/{rel}","templated":true}]}}