{"id":3764,"date":"2023-01-11T12:54:12","date_gmt":"2023-01-11T11:54:12","guid":{"rendered":"https:\/\/d-dk-patchworkforum.de\/?page_id=3764"},"modified":"2023-01-11T13:53:19","modified_gmt":"2023-01-11T12:53:19","slug":"satzung","status":"publish","type":"page","link":"https:\/\/d-dk-patchworkforum.de\/?page_id=3764","title":{"rendered":"Satzung"},"content":{"rendered":"\n<p>Satzung f\u00fcr das Deutsch\/D\u00e4nische Patchwork-Forum<br>\u00a71 Name des Vereins:<br>Deutsch\/D\u00e4nisches Patchwork-Forum.<br>\u00a72 Ziel des Forums:<br>2.1.<br>Das gemeinsame Interesse an Patchwork in fachlicher und sozialer Zusammenarbeit und<br>Gemeinschaft in der Deutsch\/D\u00e4nischen Grenzregion f\u00f6rdern.<br>2.2.<br>Alle 5 Jahren (soweit es m\u00f6glich ist) vom Gr\u00fcndungsdatum (2008) eine Ausstellung zu<br>organisieren.<br>2.3<br>Alle Aktivit\u00e4ten des Forums m\u00fcssen uneigenn\u00fctzig sein, da das Forum ein \u201cNon Profit\u201d-<br>Verein ist. Das Forum darf keine Schulden machen.<br>\u00a73 Mitglieder:<br>3.1.<br>Alle Personen, die zur Entwicklung des Forums positiv beitragen wollen, k\u00f6nnen<br>Mitglied werden.<br>3.2.<br>Vereine k\u00f6nnen nicht als Mitglied im Forum aufgenommen werden.<br>\u00a74 Generalversammlung:<br>4.1.<br>Die Generalversammlung ist die h\u00f6chste Instanz des Forums.<br>4.2.<br>Die ordentliche Generalversammlung wird einmal j\u00e4hrlich bis Ende Oktober abgehalten.<br>4.3.<br>Die Generalversammlung kann mit anderen Patchwork-Aktivit\u00e4ten wie z.B.<br>Ausstellungen und Kursen und dergleichen verbunden werden.<br>4.4.<br>Die Generalversammlung muss mindestens folgende Tagesordnung beinhalten:<br>1. Wahl des Versammlungsleiters<br>2. Jahresbericht des Vorstandes<br>3. Bericht des Kassenwartes<br>4. Festlegung des Beitragssatzes und Budget<br>5. Eingereichte Antr\u00e4ge<br>6. Wahl des Vorstandes<br>7. Wahl der Stellvertreter<br>8. Wahl von zwei Kassenpr\u00fcfern<br>9. Wahl des stellvertretenden Kassenpr\u00fcfers<br>10.Verschiedenes<br>4.5.<br>Der Vorstand muss aus mindestens drei Mitgliedern bestehen, die f\u00fcr eine zweij\u00e4hrige<br>Periode gew\u00e4hlt werden.<br>Der Vorstand konstituiert sich aus dem 1.Vorsitzenden, dem Kassierer (Kassenwart),<br>dem Schriftf\u00fchrer (Schriftwart) und eventuell weiteren Vorstandsmitgliedern.<br>Zwei Vorstandsmitglieder werden in geraden Jahren gew\u00e4hlt, die \u00fcbrigen<br>Vorstandsmitglieder werden in den ungeraden Jahren gew\u00e4hlt.<br>4.6.<br>Die Generalversammlung w\u00e4hlt Beisitzer (Vertreter). Der Vorstand legt die Anzahl dieser<br>Beisitzer fest. Sie werden f\u00fcr eine einj\u00e4hrige Periode gew\u00e4hlt.<br>4.7.<br>Das Rechenschaftsjahr entspricht dem Kalenderjahr.<br>4.8.<br>F\u00fcr jeden Posten, der neu zu besetzen ist, gibt es einen Wahlgang.<br>Stimmrecht haben nur Mitglieder, die sp\u00e4testens am Tage der Generalversammlung<br>ihren Jahresbeitrag eingezahlt haben.<br>Jedes Mitglied hat eine Stimme pro Wahlgang. Sollten sich in einem Wahlgang mehrere<br>Kandidaten auf einen Posten hin bewerben, gewinnt derjenige mit den meisten Stimmen.<br>Die Stimmabgabe kann nicht per Vollmacht erfolgen.<br>4.9.<br>Gew\u00e4hlt werden k\u00f6nnen nur Mitglieder,die sp\u00e4testens am Tage der Generalversammlung<br>ihren Jahresbeitrag eingezahlt haben.<br>Kandidaten, die bei der Generalversammlung nicht anwesend sein k\u00f6nnen, sind mit<br>einer Einverst\u00e4ndniserkl\u00e4rung w\u00e4hlbar.<br>4.10.<br>Die Tagesordnung der Generalversammlung wird den Mitgliedern sp\u00e4testens vier<br>Wochen vorher per Post oder E-Mail zugesandt.<br>4.11.<br>Vorschl\u00e4ge, die auf der Generalversammlung behandelt werden sollen, m\u00fcssen dem<br>Vorsitzenden sp\u00e4testens 14 Tage vor der Generalversammlung vorliegen.<br>\u00a75 Au\u00dferordentliche Generalversammlung:<br>5.1.<br>Eine au\u00dferordentliche Generalversammlung muss einberufen werden, wenn 55 Prozent<br>der Mitglieder mit ihrer Unterschrift ein solches Verlangen best\u00e4tigt haben.<br>5.2.<br>Ein solches Verlangen muss dem Vorstand schriftlich zugeschickt werden und eine<br>Tagesordnung f\u00fcr die au\u00dferordentliche Generalversammlung enthalten.<br>5.3.<br>Der Vorstand hat das Recht der eingeschickten Tagesordnung andere Punkte<br>hinzuzuf\u00fcgen.<br>5.4.<br>Die au\u00dferordentliche Generalversammlung muss sp\u00e4testens einen Monat nach Eingang<br>des Verlangens abgehalten werden.<\/p>\n\n\n\n<p>5.5.<br>Die endg\u00fcltige Tagesordnung wird den Mitgliedern sp\u00e4testens vierzehn Tage vor der<br>au\u00dferordentlichen Generalversammlung zugeschickt.<br>\u00a76 Vorstand:<br>6.1.<br>Der Vorstand legt seine Gesch\u00e4ftsordnung selbst fest.<br>6.2.<br>Der Vorstand ist beschlussf\u00e4hig, wenn mindesten 2\/3 der Vorstandsmitglieder pers\u00f6nlich<br>teilnehmen oder ihre Zustimmung zu den Beschl\u00fcssen per Post, E-Mail oder telefonisch<br>gegeben haben.<br>6.3.<br>Beschl\u00fcsse werden mit einfacher Mehrheit gefasst. Bei Stimmengleichheit entscheidet<br>die Stimme des Vorsitzenden.<br>6.4.<br>Das Forum ist gesch\u00e4ftsf\u00e4hig durch die Unterschriften des Vorsitzenden und des<br>Kassierers.<br>6.5.<br>Der Kassierer erstellt in Zusammenarbeit mit dem Vorstand das Budget f\u00fcr das<br>kommende Gesch\u00e4ftsjahr.<br>Der Kassierer ist verpflichtet alle Mitgliedsbeitr\u00e4ge und andere Forderungen<br>rechtzeitig einzutreiben. Mitglieder, die mit ihrem Beitrag mehr als drei Monate im<br>R\u00fcckstand sind, werden gel\u00f6scht. Stichtag 01. Februar des folgenden Jahres.<br>6.6.<br>Der Schriftf\u00fchrer erarbeitet ein Beschlussreferat von allen Vorstandssitzungen und der<br>Generalversammlung.<br>\u00a77 Mitgliedsbeitrag:<br>7.1.<br>Ein neues Mitglied bezahlt beim Eintritt in das Forum den von der Generalversammlung<br>festgesetzten Beitragssatz.<br>\u00a78 \u00c4nderung der Satzung:<br>8.1.<br>Eine \u00c4nderung der Satzung des Forums kann nur auf einer Generalversammlung<br>erfolgen.<br>8.2.<br>Eine \u00c4nderung der Satzung erfordert, dass eine 2\/3-Mehrheit der anwesenden<br>Mitglieder daf\u00fcr stimmt.<\/p>\n","protected":false},"excerpt":{"rendered":"<p>Satzung f\u00fcr das Deutsch\/D\u00e4nische Patchwork-Forum\u00a71 Name des Vereins:Deutsch\/D\u00e4nisches Patchwork-Forum.\u00a72 Ziel des Forums:2.1.Das gemeinsame Interesse an Patchwork in fachlicher und sozialer Zusammenarbeit undGemeinschaft in der Deutsch\/D\u00e4nischen Grenzregion f\u00f6rdern.2.2.Alle 5 Jahren (soweit &hellip;<br \/><a href=\"https:\/\/d-dk-patchworkforum.de\/?page_id=3764\" class=\"more-link pen_button pen_element_default pen_icon_arrow_double\">Continue reading <span class=\"screen-reader-text\">Satzung<\/span><\/a><\/p>\n","protected":false},"author":2,"featured_media":0,"parent":0,"menu_order":0,"comment_status":"closed","ping_status":"closed","template":"","meta":{"_coblocks_attr":"","_coblocks_dimensions":"","_coblocks_responsive_height":"","_coblocks_accordion_ie_support":"","advgb_blocks_editor_width":"","advgb_blocks_columns_visual_guide":"","footnotes":""},"class_list":["post-3764","page","type-page","status-publish","hentry"],"coauthors":[],"author_meta":{"author_link":"https:\/\/d-dk-patchworkforum.de\/?author=2","display_name":"Peter Schmidt"},"relative_dates":{"created":"Ver\u00f6ffentlicht 3\u00a0Jahren vor","modified":"Aktualisiert 3\u00a0Jahren vor"},"absolute_dates":{"created":"Ver\u00f6ffentlicht am 11\/01\/2023","modified":"Aktualisiert am 11\/01\/2023"},"absolute_dates_time":{"created":"Ver\u00f6ffentlicht am 11\/01\/2023 12:54","modified":"Aktualisiert am 11\/01\/2023 13:53"},"featured_img_caption":"","featured_img":false,"series_order":"","_links":{"self":[{"href":"https:\/\/d-dk-patchworkforum.de\/index.php?rest_route=\/wp\/v2\/pages\/3764","targetHints":{"allow":["GET"]}}],"collection":[{"href":"https:\/\/d-dk-patchworkforum.de\/index.php?rest_route=\/wp\/v2\/pages"}],"about":[{"href":"https:\/\/d-dk-patchworkforum.de\/index.php?rest_route=\/wp\/v2\/types\/page"}],"author":[{"embeddable":true,"href":"https:\/\/d-dk-patchworkforum.de\/index.php?rest_route=\/wp\/v2\/users\/2"}],"replies":[{"embeddable":true,"href":"https:\/\/d-dk-patchworkforum.de\/index.php?rest_route=%2Fwp%2Fv2%2Fcomments&post=3764"}],"version-history":[{"count":3,"href":"https:\/\/d-dk-patchworkforum.de\/index.php?rest_route=\/wp\/v2\/pages\/3764\/revisions"}],"predecessor-version":[{"id":3772,"href":"https:\/\/d-dk-patchworkforum.de\/index.php?rest_route=\/wp\/v2\/pages\/3764\/revisions\/3772"}],"wp:attachment":[{"href":"https:\/\/d-dk-patchworkforum.de\/index.php?rest_route=%2Fwp%2Fv2%2Fmedia&parent=3764"}],"curies":[{"name":"wp","href":"https:\/\/api.w.org\/{rel}","templated":true}]}}